{"id":154,"date":"2023-01-06T12:53:21","date_gmt":"2023-01-06T11:53:21","guid":{"rendered":"https:\/\/www.betriebsarzt-praxis.de\/wordpress\/?page_id=154"},"modified":"2026-03-30T09:50:52","modified_gmt":"2026-03-30T07:50:52","slug":"impressum","status":"publish","type":"page","link":"https:\/\/www.betriebsarzt-praxis.de\/wordpress\/impressum\/","title":{"rendered":"Impressum"},"content":{"rendered":"\r\n<h3 class=\"has-medium-font-size\"><strong>IMPRESSUM<br \/><br \/><br \/>Zentrum f\u00fcr Arbeitsmedizin und Arbeitssicherheit M\u00fcnsingen<\/strong><\/h3>\r\n\r\n\r\n\r\n<p style=\"line-height: 0.6;\"><strong><br \/><br \/>Dr. med. Ulrike Harrer<\/strong><\/p>\r\n\r\n\r\n\r\n<p style=\"line-height: 0.6;\">Betriebsarztpraxis<br \/><br \/><br \/><\/p>\r\n\r\n\r\n\r\n\r\n\r\n\r\n\r\n<p style=\"line-height: 0.2;\"><br \/><br \/>Heidelgarten 6<\/p>\r\n\r\n\r\n\r\n<p style=\"line-height: 0.2;\">72525 M\u00fcnsingen<\/p>\r\n\r\n\r\n\r\n<p style=\"line-height: 0.2;\">Tel: 0172 9794536<br \/><br \/><br \/><br \/><br \/><br \/><br \/>Fax: 07383 942214<\/p>\r\n\r\n<p><a href=\"info@betriebsarzt-praxis.de\">info@betriebsarzt-praxis.de<\/a><\/p>\r\n\r\n<p style=\"line-height: 0.2;\"><a href=\"http:\/\/www.betriebsarzt-praxis.de\">www.betriebsarzt-praxis.de<\/a><\/p>\r\n\r\n\r\n\r\n<p>&nbsp;<\/p>\r\n\r\n\r\n\r\n<p style=\"font-style: normal; font-weight: 600;\">Inhaltlich verantwortlich f\u00fcr die Webseite sind:<\/p>\r\n\r\n\r\n\r\n<p style=\"line-height: 0.3;\">Dr. med. Ulrike Harrer<\/p>\r\n\r\n\r\n\r\n<p style=\"line-height: 0.3;\">Fach\u00e4rztin f\u00fcr Allgemeinmedizin<\/p>\r\n\r\n\r\n\r\n<p style=\"line-height: 0.3;\">Betriebsmedizin<\/p>\r\n\r\n\r\n\r\n<p>Der Titel ist in der Bundesrepublik Deutschland erworben.<\/p>\r\n\r\n\r\n\r\n<p style=\"font-style: normal; font-weight: 600;\">Zust\u00e4ndige Kammer:<\/p>\r\n\r\n\r\n\r\n<p style=\"line-height: 0.3;\">Landes\u00e4rztekammer Baden-W\u00fcrttemberg<\/p>\r\n\r\n\r\n\r\n<p style=\"line-height: 0.3;\">Jahnstr. 40<\/p>\r\n\r\n\r\n\r\n<p style=\"line-height: 0.3;\">70597 Stuttgart<\/p>\r\n\r\n\r\n\r\n<p style=\"line-height: 0.3;\">Tel.: (07 11) 7 69 89-0<\/p>\r\n\r\n\r\n\r\n<p style=\"line-height: 0.3;\">Fax: (07 11) 7 69 89-50<\/p>\r\n\r\n\r\n\r\n<p style=\"line-height: 0.3;\">info@laek-bw.de<\/p>\r\n\r\n\r\n\r\n<p style=\"line-height: 0.3;\">http:\/\/www.aerztekammer-bw.de<\/p>\r\n\r\n\r\n\r\n<p>Berufsordnung f\u00fcr \u00c4rzte<\/p>\r\n\r\n\r\n\r\n<p>Berufsordnung der Landes\u00e4rztekammer Baden-W\u00fcrttemberg<\/p>\r\n\r\n\r\n\r\n<p>Haftpflichtversicherung<\/p>\r\n\r\n\r\n\r\n<p>Es besteht f\u00fcr die Praxis eine Haftpflichtversicherung bei der Generali ProMed Heilwesen, M\u00fcnchen<\/p>\r\n\r\n\r\n\r\n<p>Haftungsausschluss<\/p>\r\n\r\n\r\n\r\n<ol class=\"wp-block-list\">\r\n<li>Inhalt des Onlineangebotes<\/li>\r\n<\/ol>\r\n\r\n\r\n\r\n<p>Der Autor \u00fcbernimmt keinerlei Gew\u00e4hr f\u00fcr die Aktualit\u00e4t, Korrektheit, Vollst\u00e4ndigkeit oder Qualit\u00e4t der bereitgestellten Informationen. Haftungsanspr\u00fcche gegen den Autor, welche sich auf Sch\u00e4den materieller oder ideeller Art beziehen, die durch die Nutzung oder Nichtnutzung der dargebotenen Informationen bzw. durch die Nutzung fehlerhafter und unvollst\u00e4ndiger Informationen verursacht wurden, sind grunds\u00e4tzlich ausgeschlossen, sofern seitens des Autors kein nachweislich vors\u00e4tzliches oder grob fahrl\u00e4ssiges Verschulden vorliegt.<\/p>\r\n\r\n\r\n\r\n<p>Alle Angebote sind freibleibend und unverbindlich. Der Autor beh\u00e4lt es sich ausdr\u00fccklich vor, Teile der Seiten oder das gesamte Angebot ohne gesonderte Ank\u00fcndigung zu ver\u00e4ndern, zu erg\u00e4nzen, zu l\u00f6schen oder die Ver\u00f6ffentlichung zeitweise oder endg\u00fcltig einzustellen.<\/p>\r\n\r\n\r\n\r\n<ol class=\"wp-block-list\" start=\"2\">\r\n<li>Verweise und Links<\/li>\r\n<\/ol>\r\n\r\n\r\n\r\n<p>Bei direkten oder indirekten Verweisen auf fremde Webseiten (\u201eHyperlinks\u201c), die au\u00dferhalb des Verantwortungsbereiches des Autors liegen, w\u00fcrde eine Haftungsverpflichtung ausschlie\u00dflich in dem Fall in Kraft treten, in dem der Autor von den Inhalten Kenntnis hat und es ihm technisch m\u00f6glich und zumutbar w\u00e4re, die Nutzung im Falle rechtswidriger Inhalte zu verhindern.<\/p>\r\n\r\n\r\n\r\n<p>Der Autor erkl\u00e4rt hiermit ausdr\u00fccklich, dass zum Zeitpunkt der Linksetzung keine illegalen Inhalte auf den zu verlinkenden Seiten erkennbar waren. Auf die aktuelle und zuk\u00fcnftige Gestaltung, die Inhalte oder die Urheberschaft der verlinkten\/verkn\u00fcpften Seiten hat der Autor keinerlei Einfluss. Deshalb distanziert er sich hiermit ausdr\u00fccklich von allen Inhalten aller verlinkten \/verkn\u00fcpften Seiten, die nach der Linksetzung ver\u00e4ndert wurden. Diese Feststellung gilt f\u00fcr alle innerhalb des eigenen Internetangebotes gesetzten Links und Verweise sowie f\u00fcr Fremdeintr\u00e4ge in vom Autor eingerichteten G\u00e4steb\u00fcchern, Diskussionsforen, Linkverzeichnissen, Mailinglisten und in allen anderen Formen von Datenbanken, auf deren Inhalt externe Schreibzugriffe m\u00f6glich sind. F\u00fcr illegale, fehlerhafte oder unvollst\u00e4ndige Inhalte und insbesondere f\u00fcr Sch\u00e4den, die aus der Nutzung oder Nichtnutzung solcherart dargebotener Informationen entstehen, haftet allein der Anbieter der Seite, auf welche verwiesen wurde, nicht derjenige, der \u00fcber Links auf die jeweilige Ver\u00f6ffentlichung lediglich verweist.<\/p>\r\n\r\n\r\n\r\n<ol class=\"wp-block-list\" start=\"3\">\r\n<li>Urheber- und Kennzeichenrecht<\/li>\r\n<\/ol>\r\n\r\n\r\n\r\n<p>Der Autor ist bestrebt, in allen Publikationen die Urheberrechte der verwendeten Bilder, Grafiken, Tondokumente, Videosequenzen und Texte zu beachten, von ihm selbst erstellte Bilder, Grafiken, Tondokumente, Videosequenzen und Texte zu nutzen oder auf lizenzfreie Grafiken, Tondokumente, Videosequenzen und Texte zur\u00fcckzugreifen.<\/p>\r\n\r\n\r\n\r\n<p>Alle innerhalb des Internetangebotes genannten und ggf. durch Dritte gesch\u00fctzten Marken- und Warenzeichen unterliegen uneingeschr\u00e4nkt den Bestimmungen des jeweils g\u00fcltigen Kennzeichenrechts und den Besitzrechten der jeweiligen eingetragenen Eigent\u00fcmer. Allein aufgrund der blo\u00dfen Nennung ist nicht der Schluss zu ziehen, dass Markenzeichen nicht durch Rechte Dritter gesch\u00fctzt sind!<\/p>\r\n\r\n\r\n\r\n<p>Das Copyright f\u00fcr ver\u00f6ffentlichte, vom Autor selbst erstellte Objekte bleibt allein beim Autor der Seiten. Eine Vervielf\u00e4ltigung oder Verwendung solcher Grafiken, Tondokumente, Videosequenzen und Texte in anderen elektronischen oder gedruckten Publikationen ist ohne ausdr\u00fcckliche Zustimmung des Autors nicht gestattet.<\/p>\r\n\r\n\r\n\r\n<ol class=\"wp-block-list\" start=\"4\">\r\n<li>Rechtswirksamkeit dieses Haftungsausschlusses<\/li>\r\n<\/ol>\r\n\r\n\r\n\r\n<p>Dieser Haftungsausschluss ist als Teil des Internetangebotes zu betrachten, von dem aus auf diese Seite verwiesen wurde. Sofern Teile oder einzelne Formulierungen dieses Textes der geltenden Rechtslage nicht, nicht mehr oder nicht vollst\u00e4ndig entsprechen sollten, bleiben die \u00fcbrigen Teile des Dokumentes in ihrem Inhalt und ihrer G\u00fcltigkeit davon unber\u00fchrt.<\/p>\r\n\r\n\r\n\r\n<p>Datenschutz<\/p>\r\n\r\n\r\n\r\n<p>a) Informationspflicht<\/p>\r\n\r\n\r\n\r\n<p>Mit dem nachfolgenden Text informieren wir Sie \u00fcber die Art, den Umfang und die Zwecke der Erhebung und Verwendung personenbezogener Daten auf unserer Webseite und bei Behandlungen, Beratungen und anderen Arten von Kommunikationen. Sollten dar\u00fcber hinaus Fragen zum Datenschutz u.a. im Zusammenhang mit unserem Internetauftritt auftreten, so k\u00f6nnen Sie sich an den Verantwortlichen f\u00fcr den Datenschutz wenden:<\/p>\r\n\r\n\r\n\r\n<p>Dr. Ulrike Harrer<\/p>\r\n\r\n\r\n\r\n<p>Adresse und Kontaktm\u00f6glichkeiten siehe oben<\/p>\r\n\r\n\r\n\r\n<p>b) Rechtm\u00e4\u00dfigkeit der Verarbeitung<\/p>\r\n\r\n\r\n\r\n<p>S\u00e4mtliche personenbezogene Datenverarbeitungsvorg\u00e4nge (Erhebung, Verarbeitung und Nutzung) durch uns erfolgen unter strikter Beachtung der gesetzlichen Datenschutzvorschriften.<\/p>\r\n\r\n\r\n\r\n<p>Wir erheben, verarbeiten und nutzen personenbezogene Daten u.a, um Bahendlungen und Beratungen zu planen, durchzuf\u00fchren und abzurechnen.<\/p>\r\n\r\n\r\n\r\n<p>Zu diesem Zweck geben wir personenbezogene Daten auch an Dritte weiter, die f\u00fcr oder im Auftrag von uns (Art. 28 DS-GVO, Auftragsverarbeitung) t\u00e4tig sind. Dabei handelt es sich beispielsweise um Krankenkassen und Kassen\u00e4rtliche Vereinigungen. Diese Unternehmen sind nicht autorisiert, die von uns weitergegebenen Daten f\u00fcr andere Zwecke zu nutzen, als diejenigen, \u00fcber die wir Sie in dieser Erkl\u00e4rung informieren.<\/p>\r\n\r\n\r\n\r\n<p>c) Auskunft, L\u00f6schung, Sperrung<\/p>\r\n\r\n\r\n\r\n<p>Sie haben jederzeit das Recht auf unentgeltliche Auskunft \u00fcber Ihre gespeicherten personenbezogenen Daten, deren Herkunft und Empf\u00e4nger und den Zweck der Datenverarbeitung sowie ein Recht auf Berichtigung, Sperrung oder L\u00f6schung dieser Daten. Hierzu, sowie zu weiteren Fragen zum Thema personenbezogene Daten, k\u00f6nnen Sie sich jederzeit unter oben genannter Adresse an uns wenden.<\/p>\r\n\r\n\r\n\r\n<p>Sofern die jeweiligen gesetzlichen Voraussetzungen vorliegen, besteht auf Ihrer Seite ein Recht auf Berichtigung (Art. 16 DS-GVO), L\u00f6schung (Art. 17 DS-GVO) oder Einschr\u00e4nkung der Verarbeitung Ihrer Daten (Art. 18 DSdGVO). Dar\u00fcber hinaus haben sie ggf. ein Widerspruchsrecht gegen diese Verarbeitung (Art. 21. DS-GVO).<\/p>\r\n\r\n\r\n\r\n<p>d) Zust\u00e4ndige Aufsichtsbeh\u00f6rde<\/p>\r\n\r\n\r\n\r\n<p>Dar\u00fcber hinaus haben Sie gem\u00e4\u00df Art. 77 DS-GVO die M\u00f6glichkeit, Beschwerde bei der zust\u00e4ndigen Landesdatenschutzbeh\u00f6rde zu erheben. Im Falle der Lautertalpraxis in Buttenhausen ist dies die zust\u00e4ndige Aufsichtsbeh\u00f6rde:<\/p>\r\n\r\n\r\n\r\n<p style=\"line-height: 0.3;\">Landesbeauftragte f\u00fcr den Datenschutz und die<\/p>\r\n\r\n\r\n\r\n<p style=\"line-height: 0.3;\">Informationsfreiheit Baden-W\u00fcrttemberg<\/p>\r\n\r\n\r\n\r\n<p style=\"line-height: 0.3;\">K\u00f6nigstra\u00dfe 10 a<\/p>\r\n\r\n\r\n\r\n<p style=\"line-height: 0.3;\">70173 Stuttgart<\/p>\r\n\r\n\r\n\r\n<p style=\"line-height: 0.3;\">Tel.: (0711) 61 55 41 \u2013 0<\/p>\r\n\r\n\r\n\r\n<p style=\"line-height: 0.3;\">poststelle@lfdi.bwl.de<\/p>\r\n\r\n\r\n\r\n<figure class=\"wp-block-embed\">\r\n<div class=\"wp-block-embed__wrapper\">https:\/\/www.baden-wuerttemberg.datenschutz.de\/<\/div>\r\n<\/figure>\r\n\r\n\r\n\r\n<p>e) E-Mail \u2013 Austausch<\/p>\r\n\r\n\r\n\r\n<p>Wenn Sie uns eine E-Mail senden, werden diese Daten gesetzeskonform gespeichert und archiviert.<\/p>\r\n\r\n\r\n\r\n<p>Wir werden Ihre personenbezogenen Daten allein zum Zweck der Planung, Behandlung und Abrechnung erheben, verarbeiten und nutzen.<\/p>\r\n\r\n\r\n\r\n<p>Wir tragen daf\u00fcr Sorge, dass die Daten nach dem Stand der Technik vor der unberechtigten Kenntnisnahme Dritter gesichert sind. Bitte beachten Sie, das unverschl\u00fcsselte E-Mails, die \u00fcber das Internet versendet werden, nicht hinreichend vor der unbefugten Kommunikation durch Dritte gesch\u00fctzt ist.<\/p>\r\n\r\n\r\n\r\n<p>F\u00fcr eine vertrauliche Kommunikation setzen wir ggf. eine personalisierte s\/mime Signatur und Verschl\u00fcsselung ein.<\/p>\r\n\r\n\r\n\r\n<p>f) Sicherheit von Daten<\/p>\r\n\r\n\r\n\r\n<p>Zum Schutz der personenbezogenen Daten unserer Kunden benutzen wir ggf. ein sicheres Online-\u00dcbertragungsverfahren, die so genannte \u201eSecure Socket Layer\u201c (SSL)- \u00dcbertragung. Dieses \u00dcbertragungsverfahren wird von den meisten Browsern unterst\u00fctzt. Alle mit dieser sicheren Methode \u00fcbertragenen Informationen werden verschl\u00fcsselt, bevor sie gesendet werden. Ihre personenbezogenen Daten werden ausschlie\u00dflich auf durch Sicherheitstechnologien gesch\u00fctzte, dem Industriestandard entsprechenden (z. B. Firewalls, Passwortschutz, Zutrittskontrollen etc.) Rechenzentren und Rechnern verarbeitet.<\/p>\r\n\r\n\r\n\r\n<p>Wir speichern Ihre Daten grunds\u00e4tzlich nur in Deutschland und der EU. Eine \u00dcbermittlung Ihrer personenbezogenen Daten in ein Drittland fand nicht statt und ist auch nicht geplant.<\/p>\r\n\r\n\r\n\r\n<p>Wir speichern personenbezogene Daten nur so lange, wie dies f\u00fcr die Zwecke, f\u00fcr die sie gewonnen wurden, notwendig ist oder um rechtlichen Anforderungen \u00fcber Berichterstattung oder Aufbewahrung von Dokumenten zu gen\u00fcgen.<\/p>\r\n\r\n\r\n\r\n<p>Eine automatisierte Entscheidungsfindung einschlie\u00dflich Profiling gem\u00e4\u00df Art. 22 DS-GVO besteht nicht.<\/p>\r\n\r\n\r\n\r\n<p>Die weitere Verarbeitung von Daten, die berufsrechtlichem Geheimnisschutz unterliegen (bspw. Patientendaten, Mandantendaten bei rechts- und steuerberatenden Berufen), durch externe Dienstleister, \u00c4rzten, Rechtsanw\u00e4lten o.\u00e4. kann die Zustimmung der Patienten beziehungsweise der Mandanten erfordern. Der Kunde ist selbst daf\u00fcr verantwortlich, dass eine solche Zustimmungspflicht besteht und, falls ja, dass die entsprechende Zustimmungserkl\u00e4rung vorliegt.<\/p>\r\n\r\n\r\n\r\n<p>Wir sichern s\u00e4mtliche Daten, soweit dies mit technisch und wirtschaftlich vertretbarem Aufwand m\u00f6glich ist, wirksam gegen unberechtigten Zugriff, Ver\u00e4nderung, Zerst\u00f6rung oder Verlust, unerlaubter \u00dcbermittlung, anderweitiger unerlaubter Verarbeitung und sonstigem Missbrauch. Sofern eine Gef\u00e4hrdung von Daten und Dienstleistungen auf andere Weise nicht mit technisch und wirtschaftlich angemessenem Aufwand oder nicht Erfolg versprechend beseitigt werden kann, sind wir berechtigt, mit sch\u00e4digendem Inhalt versehene Daten zu l\u00f6schen. Wir werden den Kunden per E-Mail an die uns genannte E-Mail-Adresse von dieser Absicht in Kenntnis setzen.<\/p>\r\n\r\n\r\n\r\n<p>Wir verpflichten uns, keinerlei unrechtm\u00e4\u00dfigen Kopien oder andere Aufzeichnungen von den zur Behandlung \u00fcbergebenen bzw. zur Verf\u00fcgung gestellten personenbezogenen Daten anzufertigen oder der Anfertigung durch Dritte zu dulden bzw. an Dritte weiterzugeben. Hiervon ausgenommen sind Kopien oder andere Aufzeichnungen, die im Zuge einer ordnungsgem\u00e4\u00dfen Datenverarbeitung zwingend notwendig sind.<\/p>\r\n\r\n\r\n\r\n<p>Au\u00dferhalb von Weisungen d\u00fcrfen wir die zur Verarbeitung oder Nutzung \u00fcberlassenen Daten weder f\u00fcr eigene Zwecke noch f\u00fcr Zwecke Dritter verwenden oder Dritten den Zugang zu diesen Daten erm\u00f6glichen. Soweit der Kunde aufgrund geltender datenschutzrechtlicher Bestimmungen gegen\u00fcber einer Person verpflichtet ist, Ausk\u00fcnfte zur Erhebung, Verarbeitung oder Nutzung von Daten dieser Person zu geben, werden wir dabei unterst\u00fctzen, diese Informationen bereitzustellen.<\/p>\r\n\r\n\r\n\r\n<p>g) Webseite \/ Homepage<\/p>\r\n\r\n\r\n\r\n<p>Datenerhebung und -verarbeitung beim Besuch der Webseite<\/p>\r\n\r\n\r\n\r\n<p>Sie k\u00f6nnen unsere Webseiten besuchen, ohne Angaben zu Ihrer Person zu machen.<\/p>\r\n\r\n\r\n\r\n<p>Der Webserver f\u00fcr den Betrieb unserer Webseiten wird technisch betrieben durch:<\/p>\r\n\r\n\r\n\r\n<p style=\"line-height: 0.3;\">1&amp;1 IONOS SE<\/p>\r\n\r\n\r\n\r\n<p style=\"line-height: 0.3;\">Elgendorfer Str. 57<\/p>\r\n\r\n\r\n\r\n<p style=\"line-height: 0.3;\">56410 Montabaur<\/p>\r\n\r\n\r\n\r\n<p style=\"line-height: 0.3;\">Tel.: (0721) 170 5522<\/p>\r\n\r\n\r\n\r\n<p style=\"line-height: 0.3;\">info@ionos.de<\/p>\r\n\r\n\r\n\r\n<p style=\"line-height: 0.3;\">http:\/\/www.ionos.de<\/p>\r\n\r\n\r\n\r\n<p>Der Provider der Seiten erhebt und speichert automatisch Informationen in so genannten Server-Log Files, die Ihr Browser automatisch an uns \u00fcbermittelt. Dies sind:<\/p>\r\n\r\n\r\n\r\n<p>Browsertyp \/ Browserversion<\/p>\r\n\r\n\r\n\r\n<p>verwendetes Betriebssystem<\/p>\r\n\r\n\r\n\r\n<p>Referrer-URL<\/p>\r\n\r\n\r\n\r\n<p>Hostname des zugreifenden Rechners<\/p>\r\n\r\n\r\n\r\n<p>Uhrzeit der Serveranfrage<\/p>\r\n\r\n\r\n\r\n<p>Diese Daten sind nicht bestimmten Personen zuordenbar. Eine Zusammenf\u00fchrung dieser Daten mit anderen Datenquellen wird nicht vorgenommen. Wir behalten uns vor, diese Daten nachtr\u00e4glich zu pr\u00fcfen, wenn uns konkrete Anhaltspunkte f\u00fcr eine rechtswidrige Nutzung bekannt werden.<\/p>\r\n\r\n\r\n\r\n<p>h) Information \u00fcber Cookies<\/p>\r\n\r\n\r\n\r\n<p>Informationen, die wir durch den Einsatz der Cookies von Ihnen erh\u00e4lt, k\u00f6nnen zu folgenden Zwecken verwendet werden:<\/p>\r\n\r\n\r\n\r\n<p>Wiedererkennung des Nutzerrechners beim Besuch auf der Webseite<\/p>\r\n\r\n\r\n\r\n<p>R\u00fcckverfolgung der Surfaktivit\u00e4ten des Nutzers auf der Webseite<\/p>\r\n\r\n\r\n\r\n<p>Verbesserung der Benutzerfreundlichkeit der Webseite<\/p>\r\n\r\n\r\n\r\n<p>Auswertung der Nutzung der WebseiteBetreibung dieser Webseite<\/p>\r\n\r\n\r\n\r\n<p>Vorbeugung von Betrug und Verbesserung der Sicherheit dieser Webseite<\/p>\r\n\r\n\r\n\r\n<p>Individuelle Gestaltung dieser Webseite unter Ber\u00fccksichtigung der Bed\u00fcrfnisse der Nutzer<\/p>\r\n\r\n\r\n\r\n<p>i) Wie kann ich Cookies ablehnen und l\u00f6schen?<\/p>\r\n\r\n\r\n\r\n<p>Wir verwenden Cookies grunds\u00e4tzlich nicht zur Sammlung personenbezogener Informationen \u00fcber einen Besucher. Falls Sie es w\u00fcnschen, k\u00f6nnen Sie durch \u00c4nderung Ihrer Browser-Einstellungen die eingesetzten Cookies ablehnen oder sperren \u2013 mehr dazu erfahren Sie in der \u201eHilfe- Funktion\u201c Ihres Browsers. Beachten Sie bitte, dass die meisten Browser Cookies automatisch akzeptieren. Falls Sie also den Einsatz von Cookies unterdr\u00fccken m\u00f6chten, m\u00fcssen Sie m\u00f6glicherweise Cookies aktiv l\u00f6schen oder blockieren. Weitere Informationen \u00fcber die Verwendung von Cookies in den Browsern von Mobiltelefonen und \u00fcber die M\u00f6glichkeiten, solche Cookies abzulehnen oder zu l\u00f6schen, finden Sie im Handbuch Ihres Mobiltelefons. Beachten Sie jedoch, dass Sie, wenn Sie die Verwendung von Cookies ablehnen, unsere Websites zwar weiter besuchen k\u00f6nnen, einige Funktionen jedoch in ihrer Arbeitsweise beeintr\u00e4chtigt sein k\u00f6nnten.<\/p>\r\n\r\n\r\n\r\n<p>j) Webtracking-Verfahren (Reichweitenmessung)<\/p>\r\n\r\n\r\n\r\n<p>Analyse-Programme und andere Techniken zur Auswertung Ihres Nutzungsverhaltens werden auf unseren Webseiten nicht eingesetzt.<\/p>\r\n\r\n\r\n\r\n<p>k) Sichere Daten\u00fcbertragung<\/p>\r\n\r\n\r\n\r\n<p>F\u00fcr unsere Webseite nutzen wir zur Transportverschl\u00fcsselung ggf. das Protokoll HTTPS. Wir empfehlen Ihnen, Ihren Internetbrowser auf dem aktuellen Stand zu halten, um eine sichere \u00dcbertragung Ihrer Daten auf dem Transportweg zu gew\u00e4hrleisten.<\/p>\r\n\r\n\r\n\r\n<h1 class=\"wp-block-heading\"><sub>Stand: 1.01.2023<\/sub><\/h1>\r\n","protected":false},"excerpt":{"rendered":"<p>IMPRESSUM Zentrum f\u00fcr Arbeitsmedizin und Arbeitssicherheit M\u00fcnsingen Dr. med. Ulrike Harrer Betriebsarztpraxis Heidelgarten 6 72525 M\u00fcnsingen Tel: 0172 9794536 Fax: 07383 942214 info@betriebsarzt-praxis.de www.betriebsarzt-praxis.de &nbsp; Inhaltlich verantwortlich f\u00fcr die Webseite sind: Dr. med. Ulrike Harrer Fach\u00e4rztin f\u00fcr Allgemeinmedizin Betriebsmedizin Der Titel ist in der Bundesrepublik Deutschland erworben. Zust\u00e4ndige Kammer: Landes\u00e4rztekammer Baden-W\u00fcrttemberg Jahnstr. 40 70597 Stuttgart &hellip; <\/p>\n<p class=\"link-more\"><a href=\"https:\/\/www.betriebsarzt-praxis.de\/wordpress\/impressum\/\" class=\"more-link\"><span class=\"screen-reader-text\">\u201eImpressum\u201c<\/span> weiterlesen<\/a><\/p>\n","protected":false},"author":1,"featured_media":0,"parent":0,"menu_order":0,"comment_status":"closed","ping_status":"closed","template":"","meta":{"footnotes":""},"class_list":["post-154","page","type-page","status-publish","hentry"],"_links":{"self":[{"href":"https:\/\/www.betriebsarzt-praxis.de\/wordpress\/wp-json\/wp\/v2\/pages\/154","targetHints":{"allow":["GET"]}}],"collection":[{"href":"https:\/\/www.betriebsarzt-praxis.de\/wordpress\/wp-json\/wp\/v2\/pages"}],"about":[{"href":"https:\/\/www.betriebsarzt-praxis.de\/wordpress\/wp-json\/wp\/v2\/types\/page"}],"author":[{"embeddable":true,"href":"https:\/\/www.betriebsarzt-praxis.de\/wordpress\/wp-json\/wp\/v2\/users\/1"}],"replies":[{"embeddable":true,"href":"https:\/\/www.betriebsarzt-praxis.de\/wordpress\/wp-json\/wp\/v2\/comments?post=154"}],"version-history":[{"count":20,"href":"https:\/\/www.betriebsarzt-praxis.de\/wordpress\/wp-json\/wp\/v2\/pages\/154\/revisions"}],"predecessor-version":[{"id":456,"href":"https:\/\/www.betriebsarzt-praxis.de\/wordpress\/wp-json\/wp\/v2\/pages\/154\/revisions\/456"}],"wp:attachment":[{"href":"https:\/\/www.betriebsarzt-praxis.de\/wordpress\/wp-json\/wp\/v2\/media?parent=154"}],"curies":[{"name":"wp","href":"https:\/\/api.w.org\/{rel}","templated":true}]}}