{"id":102,"date":"2023-01-06T13:42:46","date_gmt":"2023-01-06T12:42:46","guid":{"rendered":"https:\/\/www.betriebsarzt-praxis.de\/wordpress\/?page_id=102"},"modified":"2023-03-29T14:27:40","modified_gmt":"2023-03-29T12:27:40","slug":"uebersicht","status":"publish","type":"page","link":"https:\/\/www.betriebsarzt-praxis.de\/wordpress\/uebersicht\/","title":{"rendered":"Leistungen"},"content":{"rendered":"\r\n<h3><strong>LEISTUNGEN<\/strong><\/h3>\r\n\r\n\r\n\r\n<p style=\"font-style: normal; font-weight: 400;\">\t\t\t\t\t\t<style>\r\n\t\t\t\t<style>\r\n#wpsm_accordion_162 .wpsm_panel-heading{\r\n\tpadding:0px !important;\r\n}\r\n#wpsm_accordion_162 .wpsm_panel-title {\r\n\tmargin:0px !important; \r\n\ttext-transform:none !important;\r\n\tline-height: 1 !important;\r\n}\r\n#wpsm_accordion_162 .wpsm_panel-title a{\r\n\ttext-decoration:none;\r\n\toverflow:hidden;\r\n\tdisplay:block;\r\n\tpadding:0px;\r\n\tfont-size: 16px !important;\r\n\tfont-family: Arial !important;\r\n\tcolor:#000000 !important;\r\n\tborder-bottom:0px !important;\r\n}\r\n\r\n#wpsm_accordion_162 .wpsm_panel-title a:focus {\r\noutline: 0px !important;\r\n}\r\n\r\n#wpsm_accordion_162 .wpsm_panel-title a:hover, #wpsm_accordion_162 .wpsm_panel-title a:focus {\r\n\tcolor:#000000 !important;\r\n}\r\n#wpsm_accordion_162 .acc-a{\r\n\tcolor: #000000 !important;\r\n\tbackground-color:#e8e8e8 !important;\r\n\tborder-color: #ddd;\r\n}\r\n#wpsm_accordion_162 .wpsm_panel-default > .wpsm_panel-heading{\r\n\tcolor: #000000 !important;\r\n\tbackground-color: #e8e8e8 !important;\r\n\tborder-color: #e8e8e8 !important;\r\n\tborder-top-left-radius: 0px;\r\n\tborder-top-right-radius: 0px;\r\n}\r\n#wpsm_accordion_162 .wpsm_panel-default {\r\n\t\tborder:1px solid transparent !important;\r\n\t}\r\n#wpsm_accordion_162 {\r\n\tmargin-bottom: 20px;\r\n\toverflow: hidden;\r\n\tfloat: none;\r\n\twidth: 100%;\r\n\tdisplay: block;\r\n}\r\n#wpsm_accordion_162 .ac_title_class{\r\n\tdisplay: block;\r\n\tpadding-top: 12px;\r\n\tpadding-bottom: 12px;\r\n\tpadding-left: 15px;\r\n\tpadding-right: 15px;\r\n}\r\n#wpsm_accordion_162  .wpsm_panel {\r\n\toverflow:hidden;\r\n\t-webkit-box-shadow: 0 0px 0px rgba(0, 0, 0, .05);\r\n\tbox-shadow: 0 0px 0px rgba(0, 0, 0, .05);\r\n\t\tborder-radius: 4px;\r\n\t}\r\n#wpsm_accordion_162  .wpsm_panel + .wpsm_panel {\r\n\t\tmargin-top: 5px;\r\n\t}\r\n#wpsm_accordion_162  .wpsm_panel-body{\r\n\tbackground-color:#ffffff !important;\r\n\tcolor:#000000 !important;\r\n\tborder-top-color: #e8e8e8 !important;\r\n\tfont-size:16px !important;\r\n\tfont-family: Arial !important;\r\n\toverflow: hidden;\r\n\t\tborder: 2px solid transparent !important;\r\n\t}\r\n\r\n#wpsm_accordion_162 .ac_open_cl_icon{\r\n\tbackground-color:#e8e8e8 !important;\r\n\tcolor: #000000 !important;\r\n\tfloat:right !important;\r\n\tpadding-top: 12px !important;\r\n\tpadding-bottom: 12px !important;\r\n\tline-height: 1.0 !important;\r\n\tpadding-left: 15px !important;\r\n\tpadding-right: 15px !important;\r\n\tdisplay: inline-block !important;\r\n}\r\n\r\n\t\t\t\r\n\t\t\t<\/style>\t\r\n\t\t\t<\/style>\r\n\t\t\t<div class=\"wpsm_panel-group\" id=\"wpsm_accordion_162\" >\r\n\t\t\t\t\t\t\t\t\r\n\t\t\t\t\t<!-- Inner panel Start -->\r\n\t\t\t\t\t<div class=\"wpsm_panel wpsm_panel-default\">\r\n\t\t\t\t\t\t<div class=\"wpsm_panel-heading\" role=\"tab\" >\r\n\t\t\t\t\t\t  <h4 class=\"wpsm_panel-title\">\r\n\t\t\t\t\t\t\t<a  class=\"\"  data-toggle=\"collapse\" data-parent=\"#wpsm_accordion_162 \" href=\"javascript:void(0)\" data-target=\"#ac_162_collapse1\" onclick=\"do_resize()\">\r\n\t\t\t\t\t\t\t\t\t\t\t\t\t\t\t\t\t<span class=\"ac_open_cl_icon fa fa-plus\"><\/span>\r\n\t\t\t\t\t\t\t\t\t\r\n\t\t\t\t\t\t\t\t \r\n\t\t\t\t\t\t\t\t<span class=\"ac_title_class\">\r\n\t\t\t\t\t\t\t\t\tArbeitsmedizinische und Sicherheitstechnische Betreuung\t\t\t\t\t\t\t\t<\/span>\r\n\t\t\t\t\t\t\t<\/a>\r\n\t\t\t\t\t\t  <\/h4>\r\n\t\t\t\t\t\t<\/div>\r\n\t\t\t\t\t\t<div id=\"ac_162_collapse1\" class=\"wpsm_panel-collapse collapse \"  >\r\n\t\t\t\t\t\t  <div class=\"wpsm_panel-body\">\r\n\t\t\t\t\t\t\t<!-- wp:paragraph -->\r\n<p style=\"font-style:normal;font-weight:600\">Wir unterst\u00fctzen Sie bedarfsgerecht in der Erf\u00fcllung Ihrer gesetzlichen Aufgaben durch:<\/p>\r\n<!-- \/wp:paragraph -->\r\n\r\n<!-- wp:paragraph -->\r\n<p style=\"font-style:normal;font-weight:600\">Beratung beim Aufbau einer Arbeitsschutzorganisation, <br>Teilnahme an ASA-Sitzungen, <br>Betriebs- und Arbeitsplatzbegehungen, <br>Organisation der Ersten Hilfe und des Brandschutzes im Betrieb.<br><br>Wir begleiten die Durchf\u00fchrung und Anpassung der Gef\u00e4hrdungsbeurteilung.<br><br>Die Durchf\u00fchrung von Arbeitsmedizinischen Vorsorgen gem\u00e4\u00df ArbMedVV, sowie Eignungsuntersuchungen im Rahmen der arbeitsmedizinischen Betreuung und Einstellungsuntersuchungen geh\u00f6ren zu unseren Kernkompetenzen.<\/p>\r\n<!-- \/wp:paragraph -->\r\n\r\n<!-- wp:paragraph -->\r\n<p style=\"font-style:normal;font-weight:600\">Wir begleiten Ma\u00dfnahmen des Betrieblichen Eingliederungsmanagements (BEM)<br>Wir beraten Sie bei der Gestaltung und Umgestaltung von Arbeitspl\u00e4tzen, bei der betrieblichen Gesundheitsf\u00f6rderung und Pr\u00e4vention (BGF) und beim betrieblichen Gesundheitsmanagement (BGM).<\/p>\r\n<!-- \/wp:paragraph -->\r\n\r\n<!-- wp:paragraph -->\r\n<p style=\"font-style:normal;font-weight:600\">Wir unterst\u00fctzen bei Unterweisungen und Schulungen, wie:<br><br>\u2022 Unternehmerschulungen f\u00fcr Mitgliedsbetriebe der Berufsgenossenschaft <br>   Gesundheitsdienst und Wohlfahrtspflege (BGW)<br>\u2022 Lebensmittelhygiene (Verordnung [EG] 852\/2004 Anhang II)<br>\u2022 Erst- und Folgebelehrungen \u00a7\u00a7 42, 43 Infektionsschutzgesetz (IfSG)<br>\u2022 Ausbildung Gabelstaplerf\u00fchrer<br>\u2022 Ausbildung von Brandschutzhelfern gem\u00e4\u00df DGUV Info 205-023<br>\u2022 Brandschutzschulungen<br>\u2022 verschiedene Arbeits- und Gesundheitsschutzthemen<br><br>Wir f\u00fchren folgende Arbeitsumfeldmessungen durch:<br>\u2022 L\u00e4rm (t\u00e4tigkeitsbezogene Messungen bzw. Ganztagsmessungen nach TRLV L\u00e4rm Teil 2)<br>\u2022 Raumakustische Analysen<br>\u2022 Klima (Temperatur, Luftfeuchte, Luftgeschwindigkeit)<br>\u2022 Beleuchtung<br>\u2022 E- und A-Staub<br>\u2022 verschiedene Gase<strong> <\/strong><\/p>\r\n<!-- \/wp:paragraph -->\r\n\r\n<!-- wp:paragraph -->\r\n<p><\/p>\r\n<!-- \/wp:paragraph -->\t\t\t\t\t\t  <\/div>\r\n\t\t\t\t\t\t<\/div>\r\n\t\t\t\t\t<\/div>\r\n\t\t\t\t\t<!-- Inner panel End -->\r\n\t\t\t\t\t\r\n\t\t\t\t\t\t\t\t\r\n\t\t\t\t\t<!-- Inner panel Start -->\r\n\t\t\t\t\t<div class=\"wpsm_panel wpsm_panel-default\">\r\n\t\t\t\t\t\t<div class=\"wpsm_panel-heading\" role=\"tab\" >\r\n\t\t\t\t\t\t  <h4 class=\"wpsm_panel-title\">\r\n\t\t\t\t\t\t\t<a  class=\"collapsed\"  data-toggle=\"collapse\" data-parent=\"#wpsm_accordion_162 \" href=\"javascript:void(0)\" data-target=\"#ac_162_collapse2\" onclick=\"do_resize()\">\r\n\t\t\t\t\t\t\t\t\t\t\t\t\t\t\t\t\t<span class=\"ac_open_cl_icon fa fa-plus\"><\/span>\r\n\t\t\t\t\t\t\t\t\t\r\n\t\t\t\t\t\t\t\t \r\n\t\t\t\t\t\t\t\t<span class=\"ac_title_class\">\r\n\t\t\t\t\t\t\t\t\tArbeitsmedizinische Untersuchungen\t\t\t\t\t\t\t\t<\/span>\r\n\t\t\t\t\t\t\t<\/a>\r\n\t\t\t\t\t\t  <\/h4>\r\n\t\t\t\t\t\t<\/div>\r\n\t\t\t\t\t\t<div id=\"ac_162_collapse2\" class=\"wpsm_panel-collapse collapse \"  >\r\n\t\t\t\t\t\t  <div class=\"wpsm_panel-body\">\r\n\t\t\t\t\t\t\t<!-- wp:paragraph -->\r\n\r\nWir bieten folgende Untersuchungen nach ArbmedVV, Arbeitsmedizinischen Regeln (AMR) und DGUV Empfehlungen in unseren eigenen R\u00e4umen oder vor Ort an:\r\n\r\n<!-- \/wp:paragraph -->\r\n\r\n<!-- wp:paragraph \/-->\r\n\r\n<!-- wp:paragraph -->\r\n\r\n<strong>Vorsorgeuntersuchungen<\/strong>\r\n\r\n<!-- \/wp:paragraph -->\r\n\r\n<!-- wp:list -->\r\n<ul>\r\n \t<li style=\"list-style-type: none\">\r\n<ul><!-- wp:list-item -->\r\n \t<li><strong>G17<\/strong> k\u00fcnstliche optische Strahlung<\/li>\r\n<\/ul>\r\n<\/li>\r\n<\/ul>\r\n<!-- \/wp:list-item -->\r\n\r\n<!-- wp:list-item -->\r\n<ul>\r\n \t<li style=\"list-style-type: none\">\r\n<ul>\r\n \t<li><strong>AMR 13.3<\/strong> nat\u00fcrliche optische Strahlung<\/li>\r\n<\/ul>\r\n<\/li>\r\n<\/ul>\r\n<!-- \/wp:list-item -->\r\n\r\n<!-- wp:list-item -->\r\n<ul>\r\n \t<li style=\"list-style-type: none\">\r\n<ul>\r\n \t<li><strong>G 20<\/strong> L\u00e4rm<\/li>\r\n<\/ul>\r\n<\/li>\r\n<\/ul>\r\n<!-- \/wp:list-item -->\r\n\r\n<!-- wp:list-item -->\r\n<ul>\r\n \t<li style=\"list-style-type: none\">\r\n<ul>\r\n \t<li><strong>G21<\/strong> K\u00e4ltearbeiten<\/li>\r\n<\/ul>\r\n<\/li>\r\n<\/ul>\r\n<!-- \/wp:list-item -->\r\n\r\n<!-- wp:list-item -->\r\n<ul>\r\n \t<li style=\"list-style-type: none\">\r\n<ul>\r\n \t<li><strong>G23<\/strong> Obstruktive Atemwegserkrankungen<\/li>\r\n<\/ul>\r\n<\/li>\r\n<\/ul>\r\n<!-- \/wp:list-item -->\r\n\r\n<!-- wp:list-item -->\r\n<ul>\r\n \t<li style=\"list-style-type: none\">\r\n<ul>\r\n \t<li><strong>G 24<\/strong> Gef\u00e4hrdung der Haut G 26.3 Tragen von Atemschutz<\/li>\r\n<\/ul>\r\n<\/li>\r\n<\/ul>\r\n<!-- \/wp:list-item -->\r\n\r\n<!-- wp:list-item -->\r\n<ul>\r\n \t<li style=\"list-style-type: none\">\r\n<ul>\r\n \t<li><strong>G30 <\/strong>Hitzearbeiten<\/li>\r\n<\/ul>\r\n<\/li>\r\n<\/ul>\r\n<!-- \/wp:list-item -->\r\n\r\n<!-- wp:list-item -->\r\n<ul>\r\n \t<li style=\"list-style-type: none\">\r\n<ul>\r\n \t<li><strong>G 37<\/strong> Bildschirmt\u00e4tigkeit<\/li>\r\n<\/ul>\r\n<\/li>\r\n<\/ul>\r\n<!-- \/wp:list-item -->\r\n\r\n<!-- wp:list-item -->\r\n<ul>\r\n \t<li style=\"list-style-type: none\">\r\n<ul>\r\n \t<li><strong>G39<\/strong> Schwei\u00dfen und Trennen von Metallen<\/li>\r\n<\/ul>\r\n<\/li>\r\n<\/ul>\r\n<!-- \/wp:list-item -->\r\n\r\n<!-- wp:list-item -->\r\n<ul>\r\n \t<li style=\"list-style-type: none\">\r\n<ul>\r\n \t<li><strong>G 42<\/strong> Infektionsgef\u00e4hrdung<\/li>\r\n<\/ul>\r\n<\/li>\r\n<\/ul>\r\n<!-- \/wp:list-item -->\r\n\r\n<!-- wp:list-item -->\r\n<ul>\r\n \t<li style=\"list-style-type: none\">\r\n<ul>\r\n \t<li><strong>G44<\/strong> Hartholzst\u00e4ube<\/li>\r\n<\/ul>\r\n<\/li>\r\n<\/ul>\r\n<!-- \/wp:list-item -->\r\n\r\n<!-- wp:list-item -->\r\n<ul>\r\n \t<li style=\"list-style-type: none\">\r\n<ul>\r\n \t<li><strong>G46<\/strong> Belastungen des Muskelskelettsystems einschlie\u00dflich Vibrationen<\/li>\r\n<\/ul>\r\n<\/li>\r\n<\/ul>\r\n<!-- \/wp:list-item -->\r\n\r\n<!-- wp:list-item -->\r\n<ul>\r\n \t<li style=\"list-style-type: none\">\r\n<ul>\r\n \t<li><strong>AMR 3.3<\/strong> Ganzeitliche Arbeitsmedizinische Vorsorge<\/li>\r\n<\/ul>\r\n<\/li>\r\n<\/ul>\r\n<!-- \/wp:list-item -->\r\n\r\n<!-- \/wp:list -->\r\n\r\n<!-- wp:paragraph -->\r\n\r\n<strong>Eignungsuntersuchungen<\/strong>\r\n\r\n<!-- \/wp:paragraph -->\r\n\r\n<!-- wp:list -->\r\n<ul>\r\n \t<li style=\"list-style-type: none\"><!-- wp:list-item -->\r\n<ul>\r\n \t<li style=\"list-style-type: none\">\r\n<ul>\r\n \t<li><strong>G 25<\/strong> Fahr-, Steuer- &amp; \u00dcberwachungst\u00e4tigkeiten (z.B. f\u00fcr Gabelstapler-Fahrer)<\/li>\r\n<\/ul>\r\n<\/li>\r\n<\/ul>\r\n<!-- \/wp:list-item -->\r\n\r\n<!-- \/wp:list -->\r\n\r\n\u00a0<\/li>\r\n<\/ul>\r\n\u00a0\r\n\r\n<strong>Weitere arbeitsmedizinische Dienstleistungen bieten wir auf Anfrage an.<\/strong>\r\n\r\n<strong>Eine Liste, der ge\u00e4nderten Bezeichnungen finden sie hier als Download:<\/strong>\r\n\r\n<a href=\"https:\/\/www.betriebsarzt-praxis.de\/wordpress\/wp-content\/uploads\/2023\/03\/Zuordnung-neuer-Untersuchungsanlaesse-1.pdf\">Zuordnung neuer Untersuchungsanla\u0308sse<\/a>\r\n\r\n<!-- \/wp:paragraph -->\r\n\r\n<!-- wp:paragraph -->\r\n\r\n<!-- \/wp:paragraph -->\t\t\t\t\t\t  <\/div>\r\n\t\t\t\t\t\t<\/div>\r\n\t\t\t\t\t<\/div>\r\n\t\t\t\t\t<!-- Inner panel End -->\r\n\t\t\t\t\t\r\n\t\t\t\t\t\t\t\t\r\n\t\t\t\t\t<!-- Inner panel Start -->\r\n\t\t\t\t\t<div class=\"wpsm_panel wpsm_panel-default\">\r\n\t\t\t\t\t\t<div class=\"wpsm_panel-heading\" role=\"tab\" >\r\n\t\t\t\t\t\t  <h4 class=\"wpsm_panel-title\">\r\n\t\t\t\t\t\t\t<a  class=\"collapsed\"  data-toggle=\"collapse\" data-parent=\"#wpsm_accordion_162 \" href=\"javascript:void(0)\" data-target=\"#ac_162_collapse3\" onclick=\"do_resize()\">\r\n\t\t\t\t\t\t\t\t\t\t\t\t\t\t\t\t\t<span class=\"ac_open_cl_icon fa fa-plus\"><\/span>\r\n\t\t\t\t\t\t\t\t\t\r\n\t\t\t\t\t\t\t\t \r\n\t\t\t\t\t\t\t\t<span class=\"ac_title_class\">\r\n\t\t\t\t\t\t\t\t\tBetrieblicher Brand- und Explosionsschutz\t\t\t\t\t\t\t\t<\/span>\r\n\t\t\t\t\t\t\t<\/a>\r\n\t\t\t\t\t\t  <\/h4>\r\n\t\t\t\t\t\t<\/div>\r\n\t\t\t\t\t\t<div id=\"ac_162_collapse3\" class=\"wpsm_panel-collapse collapse \"  >\r\n\t\t\t\t\t\t  <div class=\"wpsm_panel-body\">\r\n\t\t\t\t\t\t\t<p style=\"text-align: left\">\u2022 Brandschutzbeauftragter gem\u00e4\u00df DGUV Info 205-003, VdS 3111, vfdb 12-09\/01<\/p>\r\n<p style=\"text-align: left\">\u2022 Ausbildung von Brandschutzhelfern gem\u00e4\u00df DGUV Info 205-023<\/p>\r\n<p style=\"text-align: left\">\u2022 Brandschutzschulungen<\/p>\r\n<p style=\"text-align: left\">\u2022 Brandschutzordnungen nach DIN 14096<\/p>\r\n<p style=\"text-align: left\">\u2022 Flucht- und Rettungswegpl\u00e4ne nach DIN 23601 2020<\/p>\r\n<p style=\"text-align: left\">\u2022 Explosionsschutzdokumente<\/p>\t\t\t\t\t\t  <\/div>\r\n\t\t\t\t\t\t<\/div>\r\n\t\t\t\t\t<\/div>\r\n\t\t\t\t\t<!-- Inner panel End -->\r\n\t\t\t\t\t\r\n\t\t\t\t\t\t\t<\/div>\r\n\t\t\t\r\n<script type=\"text\/javascript\">\r\n\t\r\n\t\tfunction do_resize(){\r\n\r\n\t\t\tvar width=jQuery( '.wpsm_panel .wpsm_panel-body iframe' ).width();\r\n\t\t\tvar height=jQuery( '.wpsm_panel .wpsm_panel-body iframe' ).height();\r\n\r\n\t\t\tvar toggleSize = true;\r\n\t\t\tjQuery('iframe').animate({\r\n\t\t\t    width: toggleSize ? width : 640,\r\n\t\t\t    height: toggleSize ? height : 360\r\n\t\t\t  }, 250);\r\n\r\n\t\t\t  toggleSize = !toggleSize;\r\n\t\t}\r\n\t\t\r\n<\/script>\t<\/p>\r\n\r\n<p>&nbsp;<\/p>\r\n<p>&nbsp;<\/p>\r\n\r\n<p>&nbsp;<\/p>\r\n\r\n\r\n\r\n<pre class=\"wp-block-code\"><code><\/code><\/pre>\r\n","protected":false},"excerpt":{"rendered":"<p>LEISTUNGEN &nbsp; &nbsp; &nbsp;<\/p>\n","protected":false},"author":1,"featured_media":0,"parent":0,"menu_order":0,"comment_status":"closed","ping_status":"closed","template":"","meta":{"footnotes":""},"class_list":["post-102","page","type-page","status-publish","hentry"],"_links":{"self":[{"href":"https:\/\/www.betriebsarzt-praxis.de\/wordpress\/wp-json\/wp\/v2\/pages\/102","targetHints":{"allow":["GET"]}}],"collection":[{"href":"https:\/\/www.betriebsarzt-praxis.de\/wordpress\/wp-json\/wp\/v2\/pages"}],"about":[{"href":"https:\/\/www.betriebsarzt-praxis.de\/wordpress\/wp-json\/wp\/v2\/types\/page"}],"author":[{"embeddable":true,"href":"https:\/\/www.betriebsarzt-praxis.de\/wordpress\/wp-json\/wp\/v2\/users\/1"}],"replies":[{"embeddable":true,"href":"https:\/\/www.betriebsarzt-praxis.de\/wordpress\/wp-json\/wp\/v2\/comments?post=102"}],"version-history":[{"count":29,"href":"https:\/\/www.betriebsarzt-praxis.de\/wordpress\/wp-json\/wp\/v2\/pages\/102\/revisions"}],"predecessor-version":[{"id":427,"href":"https:\/\/www.betriebsarzt-praxis.de\/wordpress\/wp-json\/wp\/v2\/pages\/102\/revisions\/427"}],"wp:attachment":[{"href":"https:\/\/www.betriebsarzt-praxis.de\/wordpress\/wp-json\/wp\/v2\/media?parent=102"}],"curies":[{"name":"wp","href":"https:\/\/api.w.org\/{rel}","templated":true}]}}